{"id":808,"date":"2025-06-29T16:53:50","date_gmt":"2025-06-29T16:53:50","guid":{"rendered":"https:\/\/www.rexchange.ch\/?page_id=808"},"modified":"2025-11-12T06:49:54","modified_gmt":"2025-11-12T05:49:54","slug":"moneygram","status":"publish","type":"page","link":"http:\/\/www.rexchange.ch\/fr\/moneygram\/","title":{"rendered":"MoneyGram"},"content":{"rendered":"<div data-elementor-type=\"wp-page\" data-elementor-id=\"808\" class=\"elementor elementor-808\" data-elementor-post-type=\"page\">\n\t\t\t\t<div class=\"elementor-element elementor-element-9e2f444 e-flex e-con-boxed e-con e-parent\" data-id=\"9e2f444\" data-element_type=\"container\" data-e-type=\"container\">\n\t\t\t\t\t<div class=\"e-con-inner\">\n\t\t\t\t<div class=\"elementor-element elementor-element-68f8097 elementor-widget elementor-widget-image\" data-id=\"68f8097\" data-element_type=\"widget\" data-e-type=\"widget\" data-widget_type=\"image.default\">\n\t\t\t\t<div class=\"elementor-widget-container\">\n\t\t\t\t\t\t\t\t\t\t\t\t\t\t\t<img decoding=\"async\" width=\"224\" height=\"74\" src=\"https:\/\/www.rexchange.ch\/wp-content\/uploads\/2025\/06\/Group-1.png\" class=\"attachment-full size-full wp-image-811\" alt=\"\" \/>\t\t\t\t\t\t\t\t\t\t\t\t\t\t\t<\/div>\n\t\t\t\t<\/div>\n\t\t\t\t<div class=\"elementor-element elementor-element-2f37c57 elementor-widget__width-initial elementor-widget-mobile__width-inherit elementor-widget elementor-widget-text-editor\" data-id=\"2f37c57\" data-element_type=\"widget\" data-e-type=\"widget\" data-widget_type=\"text-editor.default\">\n\t\t\t\t<div class=\"elementor-widget-container\">\n\t\t\t\t\t\t\t\t\t<h1>Transfert et r\u00e9ception d'argent partout<br \/><span style=\"color: #ffbe5c;\">dans le monde<\/span><\/h1>\t\t\t\t\t\t\t\t<\/div>\n\t\t\t\t<\/div>\n\t\t\t\t<div class=\"elementor-element elementor-element-8322886 elementor-widget__width-initial elementor-widget-mobile__width-inherit elementor-widget elementor-widget-text-editor\" data-id=\"8322886\" data-element_type=\"widget\" data-e-type=\"widget\" data-widget_type=\"text-editor.default\">\n\t\t\t\t<div class=\"elementor-widget-container\">\n\t\t\t\t\t\t\t\t\t<p>Envoyez et recevez de l\u2019argent rapidement et en toute s\u00e9curit\u00e9 avec MoneyGram. Que ce soit pour transf\u00e9rer des fonds \u00e0 vos proches \u00e0 l\u2019\u00e9tranger ou r\u00e9cup\u00e9rer un envoi, nous simplifions le processus <span style=\"color: #ffbe5c;\">- il vous suffit de pr\u00e9senter votre pi\u00e8ce d\u2019identit\u00e9 et les informations requises.<\/span><\/p>\t\t\t\t\t\t\t\t<\/div>\n\t\t\t\t<\/div>\n\t\t<div class=\"elementor-element elementor-element-576c85f e-con-full e-flex e-con e-child\" data-id=\"576c85f\" data-element_type=\"container\" data-e-type=\"container\">\n\t\t<div class=\"elementor-element elementor-element-8d1ead3 e-con-full full_width-calc e-flex e-con e-child\" data-id=\"8d1ead3\" data-element_type=\"container\" data-e-type=\"container\" data-settings=\"{&quot;background_background&quot;:&quot;classic&quot;}\">\n\t\t\t\t<\/div>\n\t\t<div class=\"elementor-element elementor-element-3932e59 e-con-full rightcalc e-flex e-con e-child\" data-id=\"3932e59\" data-element_type=\"container\" data-e-type=\"container\">\n\t\t\t\t<div class=\"elementor-element elementor-element-50e3642 elementor-widget-widescreen__width-initial elementor-widget elementor-widget-text-editor\" data-id=\"50e3642\" data-element_type=\"widget\" data-e-type=\"widget\" data-widget_type=\"text-editor.default\">\n\t\t\t\t<div class=\"elementor-widget-container\">\n\t\t\t\t\t\t\t\t\t<h2>L\u2019envoi d\u2019argent \u00e0 vos proches, <span style=\"color: #ffbe5c;\">simplifi\u00e9<\/span><\/h2>\t\t\t\t\t\t\t\t<\/div>\n\t\t\t\t<\/div>\n\t\t\t\t<div class=\"elementor-element elementor-element-e36e1b1 elementor-widget elementor-widget-text-editor\" data-id=\"e36e1b1\" data-element_type=\"widget\" data-e-type=\"widget\" data-widget_type=\"text-editor.default\">\n\t\t\t\t<div class=\"elementor-widget-container\">\n\t\t\t\t\t\t\t\t\tEnvoyez ou recevez de l\u2019argent dans le monde entier rapidement et en toute s\u00e9curit\u00e9 avec MoneyGram. Pour un envoi, pr\u00e9sentez simplement une pi\u00e8ce d\u2019identit\u00e9 valide (CNI, passeport, titre de s\u00e9jour ou permis de conduire) et fournissez le nom et le pr\u00e9nom du b\u00e9n\u00e9ficiaire. R\u00e9glez votre transfert en liquide, et nous vous remettrons un re\u00e7u avec un num\u00e9ro de r\u00e9f\u00e9rence \u00e0 transmettre au destinataire. <span style=\"color: #ffbe5c;\">- Pour la r\u00e9ception, le b\u00e9n\u00e9ficiaire devra se rendre dans une agence MoneyGram avec ce num\u00e9ro de r\u00e9f\u00e9rence et une pi\u00e8ce d\u2019identit\u00e9 valide. L\u2019argent sera disponible en moins de 10 minutes, pr\u00eat \u00e0 \u00eatre retir\u00e9 en cash.<\/span>\t\t\t\t\t\t\t\t<\/div>\n\t\t\t\t<\/div>\n\t\t\t\t<div class=\"elementor-element elementor-element-7fd9539 elementor-widget elementor-widget-qi_addons_for_elementor_button\" data-id=\"7fd9539\" data-element_type=\"widget\" data-e-type=\"widget\" data-widget_type=\"qi_addons_for_elementor_button.default\">\n\t\t\t\t<div class=\"elementor-widget-container\">\n\t\t\t\t\t<a class=\"qodef-shortcode qodef-m qodef-qi-button qodef-html--link qodef-layout--filled qodef-type--icon-boxed qodef-icon--right qodef-hover--icon-move-diagonal\" href=\"https:\/\/www.moneygram.com\/locations\/ch\/fr?q=Rue+de+Berne+29bis,+1201+Gen%C3%A8ve&#038;id=74335743&#038;lat=46.210873&#038;lng=6.1463914\" target=\"_blank\">\n\t<span class=\"qodef-m-text\">En savoir plus<\/span>\n\t\t<span class=\"qodef-m-icon qodef--icon-color-set\">\n\t\t<span class=\"qodef-m-icon-inner\">\n\t\t\t<svg xmlns=\"http:\/\/www.w3.org\/2000\/svg\" width=\"12\" height=\"12\" viewbox=\"0 0 12 12\" fill=\"none\"><path d=\"M0.899075 11.1123L10.075 1.93637L10.075 9.80144L11.1311 9.86885V0.13115H1.39345L1.46086 1.18732L9.32593 1.18732L0.150021 10.3632L0.899075 11.1123Z\" fill=\"#FFD08A\"><\/path><\/svg>\t\t\t\t\t\t\t<svg xmlns=\"http:\/\/www.w3.org\/2000\/svg\" width=\"12\" height=\"12\" viewbox=\"0 0 12 12\" fill=\"none\"><path d=\"M0.899075 11.1123L10.075 1.93637L10.075 9.80144L11.1311 9.86885V0.13115H1.39345L1.46086 1.18732L9.32593 1.18732L0.150021 10.3632L0.899075 11.1123Z\" fill=\"#FFD08A\"><\/path><\/svg>\t\t\t\t\t<\/span>\n\t<\/span>\n<\/a>\n\t\t\t\t<\/div>\n\t\t\t\t<\/div>\n\t\t\t\t<\/div>\n\t\t\t\t<\/div>\n\t\t\t\t\t<\/div>\n\t\t\t\t<\/div>\n\t\t\t\t<\/div>","protected":false},"excerpt":{"rendered":"<p>Your Gateway toWorldwide Money Transfers. Send and receive money quickly and securely with MoneyGram. Whether you&#8217;re transferring funds to family abroad or collecting a shipment, we make the process simple \u2014 just bring your ID and the required details. Transfer Money in Just a Few Steps. To send money with MoneyGram, simply bring a valid [&hellip;]<\/p>\n","protected":false},"author":1,"featured_media":0,"parent":0,"menu_order":0,"comment_status":"closed","ping_status":"closed","template":"","meta":{"footnotes":""},"class_list":["post-808","page","type-page","status-publish","hentry"],"_links":{"self":[{"href":"http:\/\/www.rexchange.ch\/fr\/wp-json\/wp\/v2\/pages\/808","targetHints":{"allow":["GET"]}}],"collection":[{"href":"http:\/\/www.rexchange.ch\/fr\/wp-json\/wp\/v2\/pages"}],"about":[{"href":"http:\/\/www.rexchange.ch\/fr\/wp-json\/wp\/v2\/types\/page"}],"author":[{"embeddable":true,"href":"http:\/\/www.rexchange.ch\/fr\/wp-json\/wp\/v2\/users\/1"}],"replies":[{"embeddable":true,"href":"http:\/\/www.rexchange.ch\/fr\/wp-json\/wp\/v2\/comments?post=808"}],"version-history":[{"count":37,"href":"http:\/\/www.rexchange.ch\/fr\/wp-json\/wp\/v2\/pages\/808\/revisions"}],"predecessor-version":[{"id":2219,"href":"http:\/\/www.rexchange.ch\/fr\/wp-json\/wp\/v2\/pages\/808\/revisions\/2219"}],"wp:attachment":[{"href":"http:\/\/www.rexchange.ch\/fr\/wp-json\/wp\/v2\/media?parent=808"}],"curies":[{"name":"wp","href":"https:\/\/api.w.org\/{rel}","templated":true}]}}