{"id":845,"date":"2025-06-29T18:56:03","date_gmt":"2025-06-29T18:56:03","guid":{"rendered":"https:\/\/www.rexchange.ch\/?page_id=845"},"modified":"2025-11-11T20:26:24","modified_gmt":"2025-11-11T19:26:24","slug":"exchange","status":"publish","type":"page","link":"http:\/\/www.rexchange.ch\/fr\/exchange\/","title":{"rendered":"Exchange"},"content":{"rendered":"<div data-elementor-type=\"wp-page\" data-elementor-id=\"845\" class=\"elementor elementor-845\" data-elementor-post-type=\"page\">\n\t\t\t\t<div class=\"elementor-element elementor-element-a284907 e-flex e-con-boxed e-con e-parent\" data-id=\"a284907\" data-element_type=\"container\" data-e-type=\"container\">\n\t\t\t\t\t<div class=\"e-con-inner\">\n\t\t\t\t<div class=\"elementor-element elementor-element-f20b1ad elementor-widget-mobile__width-inherit elementor-widget elementor-widget-text-editor\" data-id=\"f20b1ad\" data-element_type=\"widget\" data-e-type=\"widget\" data-widget_type=\"text-editor.default\">\n\t\t\t\t<div class=\"elementor-widget-container\">\n\t\t\t\t\t\t\t\t\t<h1>Vivez une nouvelle<br \/><span style=\"color: #ffbe5c;\">exp\u00e9rience du change avec<\/span><\/h1>\t\t\t\t\t\t\t\t<\/div>\n\t\t\t\t<\/div>\n\t\t\t\t<div class=\"elementor-element elementor-element-3e17a78 elementor-widget__width-initial elementor-widget elementor-widget-image\" data-id=\"3e17a78\" data-element_type=\"widget\" data-e-type=\"widget\" data-widget_type=\"image.default\">\n\t\t\t\t<div class=\"elementor-widget-container\">\n\t\t\t\t\t\t\t\t\t\t\t\t\t\t\t<img fetchpriority=\"high\" decoding=\"async\" width=\"750\" height=\"168\" src=\"https:\/\/www.rexchange.ch\/wp-content\/uploads\/2025\/06\/logo.png\" class=\"attachment-full size-full wp-image-75\" alt=\"\" srcset=\"https:\/\/www.rexchange.ch\/wp-content\/uploads\/2025\/06\/logo.png 750w, https:\/\/www.rexchange.ch\/wp-content\/uploads\/2025\/06\/logo-600x134.png 600w, https:\/\/www.rexchange.ch\/wp-content\/uploads\/2025\/06\/logo-300x67.png 300w\" sizes=\"(max-width: 750px) 100vw, 750px\" \/>\t\t\t\t\t\t\t\t\t\t\t\t\t\t\t<\/div>\n\t\t\t\t<\/div>\n\t\t<div class=\"elementor-element elementor-element-76ebff1 e-con-full e-flex e-con e-child\" data-id=\"76ebff1\" data-element_type=\"container\" data-e-type=\"container\">\n\t\t<div class=\"elementor-element elementor-element-4986e66 e-con-full full_width-calc e-flex e-con e-child\" data-id=\"4986e66\" data-element_type=\"container\" data-e-type=\"container\" data-settings=\"{&quot;background_background&quot;:&quot;classic&quot;}\">\n\t\t\t\t<\/div>\n\t\t<div class=\"elementor-element elementor-element-2705d03 e-con-full rightcalc e-flex e-con e-child\" data-id=\"2705d03\" data-element_type=\"container\" data-e-type=\"container\">\n\t\t\t\t<div class=\"elementor-element elementor-element-95c023f elementor-widget-widescreen__width-initial elementor-widget elementor-widget-text-editor\" data-id=\"95c023f\" data-element_type=\"widget\" data-e-type=\"widget\" data-widget_type=\"text-editor.default\">\n\t\t\t\t<div class=\"elementor-widget-container\">\n\t\t\t\t\t\t\t\t\t<h2>Le choix n\u00b01 \u00e0 Gen\u00e8ve pour<br \/><span style=\"color: #ffbe5c;\">le change, la crypto et plus encore.<\/span><\/h2>\t\t\t\t\t\t\t\t<\/div>\n\t\t\t\t<\/div>\n\t\t\t\t<div class=\"elementor-element elementor-element-f4bf7a8 elementor-widget elementor-widget-text-editor\" data-id=\"f4bf7a8\" data-element_type=\"widget\" data-e-type=\"widget\" data-widget_type=\"text-editor.default\">\n\t\t\t\t<div class=\"elementor-widget-container\">\n\t\t\t\t\t\t\t\t\t<p>Rexchange est un bureau de change bas\u00e9 \u00e0 Gen\u00e8ve, offrant un service fluide pour l\u2019\u00e9change de devises et des transactions crypto s\u00e9curis\u00e9es. Que vous souhaitiez convertir des devises, acheter de l\u2019or ou transf\u00e9rer de l\u2019argent dans le monde entier, nous vous garantissons un service rapide et fiable<span style=\"color: #ffbe5c;\"> \u2013 sans rendez-vous.<\/span><\/p>\t\t\t\t\t\t\t\t<\/div>\n\t\t\t\t<\/div>\n\t\t\t\t<\/div>\n\t\t\t\t<\/div>\n\t\t<div class=\"elementor-element elementor-element-af0c2c5 e-con-full e-flex e-con e-child\" data-id=\"af0c2c5\" data-element_type=\"container\" data-e-type=\"container\">\n\t\t<div class=\"elementor-element elementor-element-dd70ba6 e-con-full full_width-calc e-flex e-con e-child\" data-id=\"dd70ba6\" data-element_type=\"container\" data-e-type=\"container\" data-settings=\"{&quot;background_background&quot;:&quot;classic&quot;}\">\n\t\t\t\t<\/div>\n\t\t<div class=\"elementor-element elementor-element-b002a58 e-con-full rightcalc e-flex e-con e-child\" data-id=\"b002a58\" data-element_type=\"container\" data-e-type=\"container\">\n\t\t\t\t<div class=\"elementor-element elementor-element-6b0e6e0 elementor-widget-widescreen__width-initial elementor-widget elementor-widget-text-editor\" data-id=\"6b0e6e0\" data-element_type=\"widget\" data-e-type=\"widget\" data-widget_type=\"text-editor.default\">\n\t\t\t\t<div class=\"elementor-widget-container\">\n\t\t\t\t\t\t\t\t\t<h2>Un aper\u00e7u <br \/><span style=\"color: #ffbe5c;\">de nos bureaux.<\/span><\/h2>\t\t\t\t\t\t\t\t<\/div>\n\t\t\t\t<\/div>\n\t\t\t\t<div class=\"elementor-element elementor-element-caa5187 elementor-widget__width-initial elementor-widget-tablet_extra__width-inherit elementor-widget elementor-widget-text-editor\" data-id=\"caa5187\" data-element_type=\"widget\" data-e-type=\"widget\" data-widget_type=\"text-editor.default\">\n\t\t\t\t<div class=\"elementor-widget-container\">\n\t\t\t\t\t\t\t\t\t<p>D\u00e9couvrez un espace pens\u00e9 pour votre confort, votre confidentialit\u00e9 et votre s\u00e9curit\u00e9 <span style=\"color: #ffbe5c;\">\u2014 afin que chaque \u00e9change se fasse en toute s\u00e9r\u00e9nit\u00e9.<\/span><\/p>\t\t\t\t\t\t\t\t<\/div>\n\t\t\t\t<\/div>\n\t\t\t\t<\/div>\n\t\t\t\t<\/div>\n\t\t\t\t\t<\/div>\n\t\t\t\t<\/div>\n\t\t<div class=\"elementor-element elementor-element-3a72f0b e-flex e-con-boxed e-con e-parent\" data-id=\"3a72f0b\" data-element_type=\"container\" data-e-type=\"container\" id=\"partners\" data-settings=\"{&quot;background_background&quot;:&quot;classic&quot;}\">\n\t\t\t\t\t<div class=\"e-con-inner\">\n\t\t<div class=\"elementor-element elementor-element-b708fb2 e-con-full e-flex e-con e-child\" data-id=\"b708fb2\" data-element_type=\"container\" data-e-type=\"container\">\n\t\t\t\t<div class=\"elementor-element elementor-element-3e4354e elementor-widget__width-initial elementor-widget-mobile__width-inherit elementor-widget elementor-widget-text-editor\" data-id=\"3e4354e\" data-element_type=\"widget\" data-e-type=\"widget\" data-widget_type=\"text-editor.default\">\n\t\t\t\t<div class=\"elementor-widget-container\">\n\t\t\t\t\t\t\t\t\t<h2>La confiance des <span style=\"color: #ffbe5c;\">experts de l'industrie<\/span><\/h2>\t\t\t\t\t\t\t\t<\/div>\n\t\t\t\t<\/div>\n\t\t\t\t<div class=\"elementor-element elementor-element-a5ee3ac elementor-widget__width-initial elementor-widget-mobile__width-inherit elementor-widget elementor-widget-text-editor\" data-id=\"a5ee3ac\" data-element_type=\"widget\" data-e-type=\"widget\" data-widget_type=\"text-editor.default\">\n\t\t\t\t<div class=\"elementor-widget-container\">\n\t\t\t\t\t\t\t\t\tNous sommes fiers de collaborer avec des partenaires qui partagent notre engagement envers la s\u00e9curit\u00e9, l'innovation, et un service exceptionnel.\t\t\t\t\t\t\t\t<\/div>\n\t\t\t\t<\/div>\n\t\t\t\t<\/div>\n\t\t\t\t<div class=\"elementor-element elementor-element-db8db92 elementor-widget elementor-widget-image-carousel\" data-id=\"db8db92\" data-element_type=\"widget\" data-e-type=\"widget\" data-settings=\"{&quot;slides_to_show&quot;:&quot;5&quot;,&quot;slides_to_show_tablet&quot;:&quot;4&quot;,&quot;slides_to_show_mobile&quot;:&quot;3&quot;,&quot;slides_to_scroll&quot;:&quot;1&quot;,&quot;navigation&quot;:&quot;none&quot;,&quot;autoplay_speed&quot;:0,&quot;speed&quot;:4000,&quot;autoplay&quot;:&quot;yes&quot;,&quot;pause_on_hover&quot;:&quot;yes&quot;,&quot;pause_on_interaction&quot;:&quot;yes&quot;,&quot;infinite&quot;:&quot;yes&quot;}\" data-widget_type=\"image-carousel.default\">\n\t\t\t\t<div class=\"elementor-widget-container\">\n\t\t\t\t\t\t\t<div class=\"elementor-image-carousel-wrapper swiper\" role=\"region\" aria-roledescription=\"carousel\" aria-label=\"Carrousel D&#039;Images\" dir=\"ltr\">\n\t\t\t<div class=\"elementor-image-carousel swiper-wrapper\" aria-live=\"off\">\n\t\t\t\t\t\t\t\t<div class=\"swiper-slide\" role=\"group\" aria-roledescription=\"slide\" aria-label=\"1 of 10\"><figure class=\"swiper-slide-inner\"><img decoding=\"async\" class=\"swiper-slide-image\" src=\"https:\/\/www.rexchange.ch\/wp-content\/uploads\/2025\/06\/8.png\" alt=\"8\" \/><\/figure><\/div><div class=\"swiper-slide\" role=\"group\" aria-roledescription=\"slide\" aria-label=\"2 of 10\"><figure class=\"swiper-slide-inner\"><img decoding=\"async\" class=\"swiper-slide-image\" src=\"https:\/\/www.rexchange.ch\/wp-content\/uploads\/2025\/06\/7.png\" alt=\"7\" \/><\/figure><\/div><div class=\"swiper-slide\" role=\"group\" aria-roledescription=\"slide\" aria-label=\"3 of 10\"><figure class=\"swiper-slide-inner\"><img decoding=\"async\" class=\"swiper-slide-image\" src=\"https:\/\/www.rexchange.ch\/wp-content\/uploads\/2025\/06\/6.png\" alt=\"6\" \/><\/figure><\/div><div class=\"swiper-slide\" role=\"group\" aria-roledescription=\"slide\" aria-label=\"4 of 10\"><figure class=\"swiper-slide-inner\"><img decoding=\"async\" class=\"swiper-slide-image\" src=\"https:\/\/www.rexchange.ch\/wp-content\/uploads\/2025\/06\/5.png\" alt=\"5\" \/><\/figure><\/div><div class=\"swiper-slide\" role=\"group\" aria-roledescription=\"slide\" aria-label=\"5 of 10\"><figure class=\"swiper-slide-inner\"><img decoding=\"async\" class=\"swiper-slide-image\" src=\"https:\/\/www.rexchange.ch\/wp-content\/uploads\/2025\/06\/4.png\" alt=\"4\" \/><\/figure><\/div><div class=\"swiper-slide\" role=\"group\" aria-roledescription=\"slide\" aria-label=\"6 of 10\"><figure class=\"swiper-slide-inner\"><img decoding=\"async\" class=\"swiper-slide-image\" src=\"https:\/\/www.rexchange.ch\/wp-content\/uploads\/2025\/06\/3-1.png\" alt=\"3\" \/><\/figure><\/div><div class=\"swiper-slide\" role=\"group\" aria-roledescription=\"slide\" aria-label=\"7 of 10\"><figure class=\"swiper-slide-inner\"><img decoding=\"async\" class=\"swiper-slide-image\" src=\"https:\/\/www.rexchange.ch\/wp-content\/uploads\/2025\/06\/2.png\" alt=\"2\" \/><\/figure><\/div><div class=\"swiper-slide\" role=\"group\" aria-roledescription=\"slide\" aria-label=\"8 of 10\"><figure class=\"swiper-slide-inner\"><img decoding=\"async\" class=\"swiper-slide-image\" src=\"https:\/\/www.rexchange.ch\/wp-content\/uploads\/2025\/08\/5.png\" alt=\"5\" \/><\/figure><\/div><div class=\"swiper-slide\" role=\"group\" aria-roledescription=\"slide\" aria-label=\"9 of 10\"><figure class=\"swiper-slide-inner\"><img decoding=\"async\" class=\"swiper-slide-image\" src=\"https:\/\/www.rexchange.ch\/wp-content\/uploads\/2025\/08\/4.png\" alt=\"4\" \/><\/figure><\/div><div class=\"swiper-slide\" role=\"group\" aria-roledescription=\"slide\" aria-label=\"10 of 10\"><figure class=\"swiper-slide-inner\"><img decoding=\"async\" class=\"swiper-slide-image\" src=\"https:\/\/www.rexchange.ch\/wp-content\/uploads\/2025\/08\/3.png\" alt=\"3\" \/><\/figure><\/div>\t\t\t<\/div>\n\t\t\t\t\t\t\t\n\t\t\t\t\t\t\t\t\t<\/div>\n\t\t\t\t\t\t<\/div>\n\t\t\t\t<\/div>\n\t\t<div class=\"elementor-element elementor-element-dc7739c e-con-full e-flex e-con e-child\" data-id=\"dc7739c\" data-element_type=\"container\" data-e-type=\"container\">\n\t\t\t\t<div class=\"elementor-element elementor-element-b8dcd14 elementor-widget__width-initial elementor-widget-mobile__width-inherit elementor-widget elementor-widget-text-editor\" data-id=\"b8dcd14\" data-element_type=\"widget\" data-e-type=\"widget\" data-widget_type=\"text-editor.default\">\n\t\t\t\t<div class=\"elementor-widget-container\">\n\t\t\t\t\t\t\t\t\t<h2><span style=\"color: #ffbe5c;\">\u00c9changeons<\/span><br \/>d\u00e8s aujourd\u2019hui<\/h2>\t\t\t\t\t\t\t\t<\/div>\n\t\t\t\t<\/div>\n\t\t<div class=\"elementor-element elementor-element-f38d4a9 e-con-full e-flex e-con e-child\" data-id=\"f38d4a9\" data-element_type=\"container\" data-e-type=\"container\">\n\t\t\t\t<div class=\"elementor-element elementor-element-00df08c elementor-widget elementor-widget-text-editor\" data-id=\"00df08c\" data-element_type=\"widget\" data-e-type=\"widget\" data-widget_type=\"text-editor.default\">\n\t\t\t\t<div class=\"elementor-widget-container\">\n\t\t\t\t\t\t\t\t\tSi vous avez une question, une id\u00e9e ou un projet en t\u00eate \u2014 notre \u00e9quipe est l\u00e0 pour vous \u00e9couter, vous guider, et vous aider \u00e0 prendre la meilleure d\u00e9cision.\t\t\t\t\t\t\t\t<\/div>\n\t\t\t\t<\/div>\n\t\t\t\t<div class=\"elementor-element elementor-element-814f04a elementor-widget elementor-widget-qi_addons_for_elementor_button\" data-id=\"814f04a\" data-element_type=\"widget\" data-e-type=\"widget\" data-widget_type=\"qi_addons_for_elementor_button.default\">\n\t\t\t\t<div class=\"elementor-widget-container\">\n\t\t\t\t\t<a class=\"qodef-shortcode qodef-m qodef-qi-button qodef-html--link qodef-layout--filled qodef-type--icon-boxed qodef-icon--right qodef-hover--icon-move-diagonal\" href=\"https:\/\/www.rexchange.ch\/fr\/contact\/\" target=\"_self\">\n\t<span class=\"qodef-m-text\">Contactez-Nous<\/span>\n\t\t<span class=\"qodef-m-icon qodef--icon-color-set\">\n\t\t<span class=\"qodef-m-icon-inner\">\n\t\t\t<svg xmlns=\"http:\/\/www.w3.org\/2000\/svg\" width=\"12\" height=\"12\" viewbox=\"0 0 12 12\" fill=\"none\"><path d=\"M0.899075 11.1123L10.075 1.93637L10.075 9.80144L11.1311 9.86885V0.13115H1.39345L1.46086 1.18732L9.32593 1.18732L0.150021 10.3632L0.899075 11.1123Z\" fill=\"#FFD08A\"><\/path><\/svg>\t\t\t\t\t\t\t<svg xmlns=\"http:\/\/www.w3.org\/2000\/svg\" width=\"12\" height=\"12\" viewbox=\"0 0 12 12\" fill=\"none\"><path d=\"M0.899075 11.1123L10.075 1.93637L10.075 9.80144L11.1311 9.86885V0.13115H1.39345L1.46086 1.18732L9.32593 1.18732L0.150021 10.3632L0.899075 11.1123Z\" fill=\"#FFD08A\"><\/path><\/svg>\t\t\t\t\t<\/span>\n\t<\/span>\n<\/a>\n\t\t\t\t<\/div>\n\t\t\t\t<\/div>\n\t\t\t\t<\/div>\n\t\t\t\t<\/div>\n\t\t\t\t\t<\/div>\n\t\t\t\t<\/div>\n\t\t\t\t<\/div>","protected":false},"excerpt":{"rendered":"<p>Experience the Art ofSmart Exchange in Geneva. Geneva\u2019s Choice forCurrency, Crypto, and More. Rexchange is a Geneva-based money changer offering seamless currency exchange and secure crypto transactions. Whether you&#8217;re trading fiat, buying gold, or transferring money worldwide, we provide fast, reliable service \u2014 no appointment needed. A Glimpse Into Our Space. Take a closer look [&hellip;]<\/p>\n","protected":false},"author":1,"featured_media":0,"parent":0,"menu_order":0,"comment_status":"closed","ping_status":"closed","template":"","meta":{"footnotes":""},"class_list":["post-845","page","type-page","status-publish","hentry"],"_links":{"self":[{"href":"http:\/\/www.rexchange.ch\/fr\/wp-json\/wp\/v2\/pages\/845","targetHints":{"allow":["GET"]}}],"collection":[{"href":"http:\/\/www.rexchange.ch\/fr\/wp-json\/wp\/v2\/pages"}],"about":[{"href":"http:\/\/www.rexchange.ch\/fr\/wp-json\/wp\/v2\/types\/page"}],"author":[{"embeddable":true,"href":"http:\/\/www.rexchange.ch\/fr\/wp-json\/wp\/v2\/users\/1"}],"replies":[{"embeddable":true,"href":"http:\/\/www.rexchange.ch\/fr\/wp-json\/wp\/v2\/comments?post=845"}],"version-history":[{"count":61,"href":"http:\/\/www.rexchange.ch\/fr\/wp-json\/wp\/v2\/pages\/845\/revisions"}],"predecessor-version":[{"id":2188,"href":"http:\/\/www.rexchange.ch\/fr\/wp-json\/wp\/v2\/pages\/845\/revisions\/2188"}],"wp:attachment":[{"href":"http:\/\/www.rexchange.ch\/fr\/wp-json\/wp\/v2\/media?parent=845"}],"curies":[{"name":"wp","href":"https:\/\/api.w.org\/{rel}","templated":true}]}}