{"id":1780,"date":"2025-08-27T16:18:57","date_gmt":"2025-08-27T14:18:57","guid":{"rendered":"https:\/\/www.rexchange.ch\/?page_id=1780"},"modified":"2025-08-27T16:22:11","modified_gmt":"2025-08-27T14:22:11","slug":"mentions-legales","status":"publish","type":"page","link":"https:\/\/www.rexchange.ch\/fr\/mentions-legales\/","title":{"rendered":"Mentions L\u00e9gales"},"content":{"rendered":"<div data-elementor-type=\"wp-page\" data-elementor-id=\"1780\" class=\"elementor elementor-1780\" data-elementor-post-type=\"page\">\n\t\t\t\t<div class=\"elementor-element elementor-element-0085d68 e-flex e-con-boxed e-con e-parent\" data-id=\"0085d68\" data-element_type=\"container\" data-e-type=\"container\">\n\t\t\t\t\t<div class=\"e-con-inner\">\n\t\t\t\t<div class=\"elementor-element elementor-element-9cc6e64 elementor-widget elementor-widget-spacer\" data-id=\"9cc6e64\" data-element_type=\"widget\" data-e-type=\"widget\" data-widget_type=\"spacer.default\">\n\t\t\t\t<div class=\"elementor-widget-container\">\n\t\t\t\t\t\t\t<div class=\"elementor-spacer\">\n\t\t\t<div class=\"elementor-spacer-inner\"><\/div>\n\t\t<\/div>\n\t\t\t\t\t\t<\/div>\n\t\t\t\t<\/div>\n\t\t\t\t<div class=\"elementor-element elementor-element-eee6d66 elementor-widget-mobile__width-inherit elementor-widget elementor-widget-text-editor\" data-id=\"eee6d66\" data-element_type=\"widget\" data-e-type=\"widget\" data-widget_type=\"text-editor.default\">\n\t\t\t\t<div class=\"elementor-widget-container\">\n\t\t\t\t\t\t\t\t\t<h2>Mentions <span style=\"color: #ffbe5c;\">l\u00e9gales <\/span><\/h2>\t\t\t\t\t\t\t\t<\/div>\n\t\t\t\t<\/div>\n\t\t\t\t<div class=\"elementor-element elementor-element-8606b85 elementor-widget elementor-widget-text-editor\" data-id=\"8606b85\" data-element_type=\"widget\" data-e-type=\"widget\" data-widget_type=\"text-editor.default\">\n\t\t\t\t<div class=\"elementor-widget-container\">\n\t\t\t\t\t\t\t\t\t<p>Le pr\u00e9sent site internet est \u00e9dit\u00e9 par la soci\u00e9t\u00e9 Rex Change S\u00e0rl, domicili\u00e9e au 29bis rue de Berne 1201 Gen\u00e8ve, enregistr\u00e9e au Registre du Commerce et des Soci\u00e9t\u00e9s de Gen\u00e8ve.<br \/><br \/>Le Directeur de la publication est Rex Change S\u00e0rl.<br \/><br \/>Le site internet est h\u00e9berg\u00e9 par INFOMANIAK NETWORK SA.<br \/><br \/>Pour toute question ou r\u00e9clamation concernant le site, les utilisateurs peuvent contacter le bureau par t\u00e9l\u00e9phone au 022 731 92 37.<br \/><br \/>Protection des donn\u00e9es personnelles :<br \/><br \/>Conform\u00e9ment aux dispositions de la loi n\u00b0 78-17 du 6 janvier 1978 relative \u00e0 l'informatique, aux fichiers et aux libert\u00e9s, le traitement des donn\u00e9es personnelles collect\u00e9es sur le site internet a fait l'objet d'une d\u00e9claration aupr\u00e8s de la Commission Nationale de l'Informatique et des Libert\u00e9s (CNIL).<br \/><br \/>Propri\u00e9t\u00e9 intellectuelle :<br \/><br \/>Le site internet et chacun des \u00e9l\u00e9ments qui le composent, notamment les textes, articles, lettres d'information, communiqu\u00e9s, pr\u00e9sentations, brochures, illustrations, photographies, programmes informatiques, animations, etc., sont la propri\u00e9t\u00e9 exclusive de Rex Change S\u00e0rl ou de ses partenaires et sont prot\u00e9g\u00e9s par le droit d'auteur.<br \/><br \/>Toute reproduction ou repr\u00e9sentation, int\u00e9grale ou partielle, du site internet ou de l'un quelconque des \u00e9l\u00e9ments qui le composent, est interdite sans l'autorisation expresse et pr\u00e9alable de Rex Change S\u00e0rl.<br \/><br \/>Liens hypertextes :<br \/><br \/>La cr\u00e9ation de liens hypertextes vers le site internet ne peut \u00eatre faite qu'avec l'autorisation expresse et pr\u00e9alable de Rex Change S\u00e0rl. Celle-ci d\u00e9cline toute responsabilit\u00e9 quant au contenu des sites proposant un lien hypertexte vers le pr\u00e9sent site internet.<br \/><br \/>Loi applicable :<br \/><br \/>Les pr\u00e9sentes mentions l\u00e9gales sont r\u00e9gies par la loi suisse. Tout litige relatif \u00e0 leur interpr\u00e9tation ou \u00e0 leur ex\u00e9cution rel\u00e8ve des tribunaux comp\u00e9tents de Gen\u00e8ve.<\/p>\t\t\t\t\t\t\t\t<\/div>\n\t\t\t\t<\/div>\n\t\t\t\t<div class=\"elementor-element elementor-element-d30669f elementor-widget elementor-widget-spacer\" data-id=\"d30669f\" data-element_type=\"widget\" data-e-type=\"widget\" data-widget_type=\"spacer.default\">\n\t\t\t\t<div class=\"elementor-widget-container\">\n\t\t\t\t\t\t\t<div class=\"elementor-spacer\">\n\t\t\t<div class=\"elementor-spacer-inner\"><\/div>\n\t\t<\/div>\n\t\t\t\t\t\t<\/div>\n\t\t\t\t<\/div>\n\t\t\t\t\t<\/div>\n\t\t\t\t<\/div>\n\t\t\t\t<\/div>","protected":false},"excerpt":{"rendered":"<p>Legal Notice This website is published by Rex Change S\u00e0rl, located at 29bis rue de Berne, 1201 Geneva, and registered with the Geneva Commercial and Companies Registry. The publication director is Rex Change S\u00e0rl. The website is hosted by INFOMANIAK NETWORK SA. For any questions or complaints regarding the website, users can contact the office [&hellip;]<\/p>\n","protected":false},"author":1,"featured_media":0,"parent":0,"menu_order":0,"comment_status":"closed","ping_status":"closed","template":"","meta":{"footnotes":""},"class_list":["post-1780","page","type-page","status-publish","hentry"],"_links":{"self":[{"href":"https:\/\/www.rexchange.ch\/fr\/wp-json\/wp\/v2\/pages\/1780","targetHints":{"allow":["GET"]}}],"collection":[{"href":"https:\/\/www.rexchange.ch\/fr\/wp-json\/wp\/v2\/pages"}],"about":[{"href":"https:\/\/www.rexchange.ch\/fr\/wp-json\/wp\/v2\/types\/page"}],"author":[{"embeddable":true,"href":"https:\/\/www.rexchange.ch\/fr\/wp-json\/wp\/v2\/users\/1"}],"replies":[{"embeddable":true,"href":"https:\/\/www.rexchange.ch\/fr\/wp-json\/wp\/v2\/comments?post=1780"}],"version-history":[{"count":4,"href":"https:\/\/www.rexchange.ch\/fr\/wp-json\/wp\/v2\/pages\/1780\/revisions"}],"predecessor-version":[{"id":1785,"href":"https:\/\/www.rexchange.ch\/fr\/wp-json\/wp\/v2\/pages\/1780\/revisions\/1785"}],"wp:attachment":[{"href":"https:\/\/www.rexchange.ch\/fr\/wp-json\/wp\/v2\/media?parent=1780"}],"curies":[{"name":"wp","href":"https:\/\/api.w.org\/{rel}","templated":true}]}}